{"id":2745,"date":"2021-01-29T10:09:59","date_gmt":"2021-01-29T15:09:59","guid":{"rendered":"https:\/\/atahualpahabaspamba.gob.ec\/pichincha\/?page_id=2745"},"modified":"2024-01-25T12:46:21","modified_gmt":"2024-01-25T17:46:21","slug":"turismo","status":"publish","type":"page","link":"https:\/\/gadtmrl.gob.ec\/?page_id=2745","title":{"rendered":"Sitios Tur\u00edsticos"},"content":{"rendered":"<p><img decoding=\"async\" src=\"..\/..\/images\/Tnte_Loaiza_43.png\" alt=\"Tnte Loaiza 43\" width=\"100%\" height=\"NaN\" \/><\/p>\n<p><strong>Cascada del Caucho,<\/strong>\u00a0De siete metros de altura, permitiendo disfrutar de un hidromasaje natural, el cual se vuelve m\u00e1s intensa en \u00e9poca de invierno.<\/p>\n<p>&nbsp;<\/p>\n<p>&nbsp;<\/p>\n<p><strong>Laguna del Tigre,<\/strong>\u00a0otro de los atractivos que posee la parroquia, sus aguas son tranquilas, claras y esplendidas en \u00e9poca de invierno ya que las lluvias alimentan considerablemente el caudal. La vegetaci\u00f3n que la rodea alberga una gran cantidad de aves que engalanan el lugar con sus cantos.<\/p>\n<p><img loading=\"lazy\" decoding=\"async\" src=\"..\/..\/images\/Tnte_Loaiza_44.png\" alt=\"Tnte Loaiza 44\" width=\"657\" height=\"280\" \/><\/p>\n<p><img loading=\"lazy\" decoding=\"async\" src=\"..\/..\/images\/Tnte_Loaiza_45.png\" alt=\"Tnte Loaiza 45\" width=\"653\" height=\"250\" \/><\/p>\n<p><strong>Laguna del Duende,<\/strong>\u00a0Este lugar esconde un gran misterio, ya que se dice que en el fondo de esta laguna, se ha visto a un hombrecillo de baja estatura de color verde. Tambi\u00e9n se puede apreciar una piedra enorme desde la cual se pueden realizar clavadas.<\/p>\n<p><img loading=\"lazy\" decoding=\"async\" src=\"..\/..\/images\/Tnte_Loaiza_46.png\" alt=\"Tnte Loaiza 46\" width=\"657\" height=\"252\" \/><\/p>\n<p><img loading=\"lazy\" decoding=\"async\" src=\"..\/..\/images\/Tnte_Loaiza_47.png\" alt=\"Tnte Loaiza 47\" width=\"659\" height=\"287\" \/><\/p>\n<p><strong>El naranjo:<\/strong><\/p>\n<p>Laguna de la Tuna, el nombre se debe a la presencia de plantas de tuna en el sector, adem\u00e1s se da la presencia de pierdas grandes desde donde se pueden practicar saltos hacia el agua, especialmente en \u00e9poca de invierno.<\/p>\n<p><img loading=\"lazy\" decoding=\"async\" src=\"..\/..\/images\/Tnte_Loaiza_48.png\" alt=\"Tnte Loaiza 48\" width=\"649\" height=\"251\" \/><\/p>\n<p>&nbsp;<\/p>\n<p><strong>Pindohuayco:<\/strong><\/p>\n<p>&nbsp;<\/p>\n<p><strong>Pe\u00f1a de la Virgen,<\/strong>\u00a0lugar donde se puede observar en las rocas un rostro incaico y la silueta de una mujer con un ni\u00f1o y muchas figuras m\u00e1s que dependen de la imaginaci\u00f3n de sus visitantes.<\/p>\n<p>&nbsp;<\/p>\n<p><strong>Balsas:<\/strong><\/p>\n<p>&nbsp;<\/p>\n<p><strong>Laguna de los Pacasos,<\/strong>\u00a0tiene unos cien metros de largo, de aguas cristalinas y apacibles, en ella se pueden observar estos grandiosos animales llamados Pacasos.<\/p>\n<p>&nbsp;<\/p>\n<p>&nbsp;<\/p>\n<p><strong><img loading=\"lazy\" decoding=\"async\" src=\"..\/..\/images\/Tnte_Loaiza_49.png\" alt=\"Tnte Loaiza 49\" width=\"657\" height=\"293\" \/><br \/>\n<\/strong><\/p>\n<p>&nbsp;<\/p>\n<p><strong>Piedra tabla:<\/strong><\/p>\n<p>&nbsp;<\/p>\n<p><strong>Piedra Tabla,<\/strong>\u00a0es una piedra de 200m2, lisa y un poco c\u00f3ncava, de la cual se deriva el nombre del barrio y se ha convertido en un atractivo para propios y extra\u00f1os;<\/p>\n<p>&nbsp;<\/p>\n<p><strong>Rio Catamayo,<\/strong>\u00a0el cual es utilizado como balneario ya que posee playas moderadamente grandes y sus aguas son muy frescas.<\/p>\n<p>&nbsp;<\/p>\n<p><strong>Cerro Mirador Pico de Gallina,<\/strong>\u00a0desde donde se puede observar las ciudades de Celica y Macar\u00e1, tambi\u00e9n se dice que hace muchos a\u00f1os se escuchaba cantar un Gallo y de ah\u00ed se le puso este nombre.<\/p>\n<p>&nbsp;<\/p>\n<p>Es importante se\u00f1alar que estos sitios tur\u00edsticos no cuentan con la infraestructura necesaria para alojar a turistas y lograr el ingreso de recursos econ\u00f3micos, a trav\u00e9s de la explotaci\u00f3n racional de estos lugares. Adem\u00e1s las\u00a0 lagunas y quebradas cuentan con bastante agua solo en \u00e9poca de invierno, ya en verano se tornan secos y peligrosos debido a la presencia de gran cantidad de piedras, esto debido a la deforestaci\u00f3n existente en estos sitios. Tambi\u00e9n no se ha hecho suficiente difusi\u00f3n para que turistas acudan a estos lugares en \u00e9poca de invierno, tiempo en el cual estos lugares se tornan majestuosos.<\/p>\n<p><img loading=\"lazy\" decoding=\"async\" src=\"..\/..\/images\/Tnte_Loaiza_50.png\" alt=\"Tnte Loaiza 50\" width=\"655\" height=\"280\" \/><\/p>\n","protected":false},"excerpt":{"rendered":"<p>Cascada del Caucho,\u00a0De siete metros de altura, permitiendo disfrutar de un hidromasaje natural, el cual se vuelve m\u00e1s intensa en [&hellip;]<\/p>\n","protected":false},"author":6,"featured_media":0,"parent":0,"menu_order":0,"comment_status":"closed","ping_status":"closed","template":"","meta":{"site-sidebar-layout":"default","site-content-layout":"","ast-site-content-layout":"default","site-content-style":"default","site-sidebar-style":"default","ast-global-header-display":"","ast-banner-title-visibility":"","ast-main-header-display":"","ast-hfb-above-header-display":"","ast-hfb-below-header-display":"","ast-hfb-mobile-header-display":"","site-post-title":"","ast-breadcrumbs-content":"","ast-featured-img":"","footer-sml-layout":"","ast-disable-related-posts":"","theme-transparent-header-meta":"","adv-header-id-meta":"","stick-header-meta":"","header-above-stick-meta":"","header-main-stick-meta":"","header-below-stick-meta":"","astra-migrate-meta-layouts":"default","ast-page-background-enabled":"default","ast-page-background-meta":{"desktop":{"background-color":"var(--ast-global-color-5)","background-image":"","background-repeat":"repeat","background-position":"center center","background-size":"auto","background-attachment":"scroll","background-type":"","background-media":"","overlay-type":"","overlay-color":"","overlay-opacity":"","overlay-gradient":""},"tablet":{"background-color":"","background-image":"","background-repeat":"repeat","background-position":"center center","background-size":"auto","background-attachment":"scroll","background-type":"","background-media":"","overlay-type":"","overlay-color":"","overlay-opacity":"","overlay-gradient":""},"mobile":{"background-color":"","background-image":"","background-repeat":"repeat","background-position":"center center","background-size":"auto","background-attachment":"scroll","background-type":"","background-media":"","overlay-type":"","overlay-color":"","overlay-opacity":"","overlay-gradient":""}},"ast-content-background-meta":{"desktop":{"background-color":"var(--ast-global-color-4)","background-image":"","background-repeat":"repeat","background-position":"center center","background-size":"auto","background-attachment":"scroll","background-type":"","background-media":"","overlay-type":"","overlay-color":"","overlay-opacity":"","overlay-gradient":""},"tablet":{"background-color":"var(--ast-global-color-4)","background-image":"","background-repeat":"repeat","background-position":"center center","background-size":"auto","background-attachment":"scroll","background-type":"","background-media":"","overlay-type":"","overlay-color":"","overlay-opacity":"","overlay-gradient":""},"mobile":{"background-color":"var(--ast-global-color-4)","background-image":"","background-repeat":"repeat","background-position":"center center","background-size":"auto","background-attachment":"scroll","background-type":"","background-media":"","overlay-type":"","overlay-color":"","overlay-opacity":"","overlay-gradient":""}},"jetpack_post_was_ever_published":false,"_joinchat":[],"footnotes":""},"class_list":["post-2745","page","type-page","status-publish","hentry"],"yoast_head":"<!-- This site is optimized with the Yoast SEO plugin v26.5 - https:\/\/yoast.com\/wordpress\/plugins\/seo\/ -->\n<title>Sitios Tur\u00edsticos - GAD Parroquial Tnte. Maximiliano Rodriguez<\/title>\n<meta name=\"description\" content=\"GAD Parroquial Tnte. Maximiliano Rodriguez\" \/>\n<meta name=\"robots\" content=\"index, follow, max-snippet:-1, max-image-preview:large, max-video-preview:-1\" \/>\n<link rel=\"canonical\" href=\"https:\/\/gadtmrl.gob.ec\/?page_id=2745\" \/>\n<meta property=\"og:locale\" content=\"es_ES\" \/>\n<meta property=\"og:type\" content=\"article\" \/>\n<meta property=\"og:title\" content=\"Sitios Tur\u00edsticos - GAD Parroquial Tnte. Maximiliano Rodriguez\" \/>\n<meta property=\"og:description\" content=\"GAD Parroquial Tnte. Maximiliano Rodriguez\" \/>\n<meta property=\"og:url\" content=\"https:\/\/gadtmrl.gob.ec\/?page_id=2745\" \/>\n<meta property=\"og:site_name\" content=\"GAD Parroquial Tnte. Maximiliano Rodriguez\" \/>\n<meta property=\"article:modified_time\" content=\"2024-01-25T17:46:21+00:00\" \/>\n<meta name=\"twitter:card\" content=\"summary_large_image\" \/>\n<meta name=\"twitter:label1\" content=\"Tiempo de lectura\" \/>\n\t<meta name=\"twitter:data1\" content=\"4 minutos\" \/>\n<script type=\"application\/ld+json\" class=\"yoast-schema-graph\">{\"@context\":\"https:\/\/schema.org\",\"@graph\":[{\"@type\":\"WebPage\",\"@id\":\"https:\/\/gadtmrl.gob.ec\/?page_id=2745\",\"url\":\"https:\/\/gadtmrl.gob.ec\/?page_id=2745\",\"name\":\"Sitios Tur\u00edsticos - GAD Parroquial Tnte. Maximiliano Rodriguez\",\"isPartOf\":{\"@id\":\"https:\/\/gadtmrl.gob.ec\/#website\"},\"datePublished\":\"2021-01-29T15:09:59+00:00\",\"dateModified\":\"2024-01-25T17:46:21+00:00\",\"description\":\"GAD Parroquial Tnte. Maximiliano Rodriguez\",\"breadcrumb\":{\"@id\":\"https:\/\/gadtmrl.gob.ec\/?page_id=2745#breadcrumb\"},\"inLanguage\":\"es\",\"potentialAction\":[{\"@type\":\"ReadAction\",\"target\":[\"https:\/\/gadtmrl.gob.ec\/?page_id=2745\"]}]},{\"@type\":\"BreadcrumbList\",\"@id\":\"https:\/\/gadtmrl.gob.ec\/?page_id=2745#breadcrumb\",\"itemListElement\":[{\"@type\":\"ListItem\",\"position\":1,\"name\":\"Home\",\"item\":\"https:\/\/gadtmrl.gob.ec\/\"},{\"@type\":\"ListItem\",\"position\":2,\"name\":\"Sitios Tur\u00edsticos\"}]},{\"@type\":\"WebSite\",\"@id\":\"https:\/\/gadtmrl.gob.ec\/#website\",\"url\":\"https:\/\/gadtmrl.gob.ec\/\",\"name\":\"GAD Parroquial Tnte. Maximiliano Rodriguez\",\"description\":\"Sitio web oficial del GAD Parroquial Tnte. Maximiliano Rodriguez.\",\"publisher\":{\"@id\":\"https:\/\/gadtmrl.gob.ec\/#organization\"},\"potentialAction\":[{\"@type\":\"SearchAction\",\"target\":{\"@type\":\"EntryPoint\",\"urlTemplate\":\"https:\/\/gadtmrl.gob.ec\/?s={search_term_string}\"},\"query-input\":{\"@type\":\"PropertyValueSpecification\",\"valueRequired\":true,\"valueName\":\"search_term_string\"}}],\"inLanguage\":\"es\"},{\"@type\":\"Organization\",\"@id\":\"https:\/\/gadtmrl.gob.ec\/#organization\",\"name\":\"GAD Parroquial Tnte. Maximiliano Rodriguez\",\"alternateName\":\"GAD Parroquial Tnte. Maximiliano Rodriguez\",\"url\":\"https:\/\/gadtmrl.gob.ec\/\",\"logo\":{\"@type\":\"ImageObject\",\"inLanguage\":\"es\",\"@id\":\"https:\/\/gadtmrl.gob.ec\/#\/schema\/logo\/image\/\",\"url\":\"https:\/\/gadtmrl.gob.ec\/wp-content\/uploads\/2020\/02\/logoFooter.png\",\"contentUrl\":\"https:\/\/gadtmrl.gob.ec\/wp-content\/uploads\/2020\/02\/logoFooter.png\",\"width\":279,\"height\":180,\"caption\":\"GAD Parroquial Tnte. Maximiliano Rodriguez\"},\"image\":{\"@id\":\"https:\/\/gadtmrl.gob.ec\/#\/schema\/logo\/image\/\"}}]}<\/script>\n<!-- \/ Yoast SEO plugin. -->","yoast_head_json":{"title":"Sitios Tur\u00edsticos - GAD Parroquial Tnte. Maximiliano Rodriguez","description":"GAD Parroquial Tnte. Maximiliano Rodriguez","robots":{"index":"index","follow":"follow","max-snippet":"max-snippet:-1","max-image-preview":"max-image-preview:large","max-video-preview":"max-video-preview:-1"},"canonical":"https:\/\/gadtmrl.gob.ec\/?page_id=2745","og_locale":"es_ES","og_type":"article","og_title":"Sitios Tur\u00edsticos - GAD Parroquial Tnte. Maximiliano Rodriguez","og_description":"GAD Parroquial Tnte. Maximiliano Rodriguez","og_url":"https:\/\/gadtmrl.gob.ec\/?page_id=2745","og_site_name":"GAD Parroquial Tnte. Maximiliano Rodriguez","article_modified_time":"2024-01-25T17:46:21+00:00","twitter_card":"summary_large_image","twitter_misc":{"Tiempo de lectura":"4 minutos"},"schema":{"@context":"https:\/\/schema.org","@graph":[{"@type":"WebPage","@id":"https:\/\/gadtmrl.gob.ec\/?page_id=2745","url":"https:\/\/gadtmrl.gob.ec\/?page_id=2745","name":"Sitios Tur\u00edsticos - GAD Parroquial Tnte. Maximiliano Rodriguez","isPartOf":{"@id":"https:\/\/gadtmrl.gob.ec\/#website"},"datePublished":"2021-01-29T15:09:59+00:00","dateModified":"2024-01-25T17:46:21+00:00","description":"GAD Parroquial Tnte. Maximiliano Rodriguez","breadcrumb":{"@id":"https:\/\/gadtmrl.gob.ec\/?page_id=2745#breadcrumb"},"inLanguage":"es","potentialAction":[{"@type":"ReadAction","target":["https:\/\/gadtmrl.gob.ec\/?page_id=2745"]}]},{"@type":"BreadcrumbList","@id":"https:\/\/gadtmrl.gob.ec\/?page_id=2745#breadcrumb","itemListElement":[{"@type":"ListItem","position":1,"name":"Home","item":"https:\/\/gadtmrl.gob.ec\/"},{"@type":"ListItem","position":2,"name":"Sitios Tur\u00edsticos"}]},{"@type":"WebSite","@id":"https:\/\/gadtmrl.gob.ec\/#website","url":"https:\/\/gadtmrl.gob.ec\/","name":"GAD Parroquial Tnte. Maximiliano Rodriguez","description":"Sitio web oficial del GAD Parroquial Tnte. Maximiliano Rodriguez.","publisher":{"@id":"https:\/\/gadtmrl.gob.ec\/#organization"},"potentialAction":[{"@type":"SearchAction","target":{"@type":"EntryPoint","urlTemplate":"https:\/\/gadtmrl.gob.ec\/?s={search_term_string}"},"query-input":{"@type":"PropertyValueSpecification","valueRequired":true,"valueName":"search_term_string"}}],"inLanguage":"es"},{"@type":"Organization","@id":"https:\/\/gadtmrl.gob.ec\/#organization","name":"GAD Parroquial Tnte. Maximiliano Rodriguez","alternateName":"GAD Parroquial Tnte. Maximiliano Rodriguez","url":"https:\/\/gadtmrl.gob.ec\/","logo":{"@type":"ImageObject","inLanguage":"es","@id":"https:\/\/gadtmrl.gob.ec\/#\/schema\/logo\/image\/","url":"https:\/\/gadtmrl.gob.ec\/wp-content\/uploads\/2020\/02\/logoFooter.png","contentUrl":"https:\/\/gadtmrl.gob.ec\/wp-content\/uploads\/2020\/02\/logoFooter.png","width":279,"height":180,"caption":"GAD Parroquial Tnte. Maximiliano Rodriguez"},"image":{"@id":"https:\/\/gadtmrl.gob.ec\/#\/schema\/logo\/image\/"}}]}},"jetpack_shortlink":"https:\/\/wp.me\/Pcm8cc-Ih","jetpack_sharing_enabled":true,"jetpack_likes_enabled":true,"_links":{"self":[{"href":"https:\/\/gadtmrl.gob.ec\/index.php?rest_route=\/wp\/v2\/pages\/2745","targetHints":{"allow":["GET"]}}],"collection":[{"href":"https:\/\/gadtmrl.gob.ec\/index.php?rest_route=\/wp\/v2\/pages"}],"about":[{"href":"https:\/\/gadtmrl.gob.ec\/index.php?rest_route=\/wp\/v2\/types\/page"}],"author":[{"embeddable":true,"href":"https:\/\/gadtmrl.gob.ec\/index.php?rest_route=\/wp\/v2\/users\/6"}],"replies":[{"embeddable":true,"href":"https:\/\/gadtmrl.gob.ec\/index.php?rest_route=%2Fwp%2Fv2%2Fcomments&post=2745"}],"version-history":[{"count":59,"href":"https:\/\/gadtmrl.gob.ec\/index.php?rest_route=\/wp\/v2\/pages\/2745\/revisions"}],"predecessor-version":[{"id":5169,"href":"https:\/\/gadtmrl.gob.ec\/index.php?rest_route=\/wp\/v2\/pages\/2745\/revisions\/5169"}],"wp:attachment":[{"href":"https:\/\/gadtmrl.gob.ec\/index.php?rest_route=%2Fwp%2Fv2%2Fmedia&parent=2745"}],"curies":[{"name":"wp","href":"https:\/\/api.w.org\/{rel}","templated":true}]}}