{"id":639,"date":"2015-09-23T16:20:15","date_gmt":"2015-09-23T20:20:15","guid":{"rendered":"http:\/\/atahualpahabaspamba.gob.ec\/pichincha\/?page_id=639"},"modified":"2015-09-23T16:21:47","modified_gmt":"2015-09-23T20:21:47","slug":"reunion","status":"publish","type":"page","link":"https:\/\/gadtmrl.gob.ec\/?page_id=639","title":{"rendered":"REUNI\u00d3N"},"content":{"rendered":"<p><span style=\"color: #003366;\">Se llev\u00f3 a cabo la reuni\u00f3n el d\u00eda 23 de septiembre donde se trat\u00f3 sobre convenios para el a\u00f1o 2016 con la MANCOMUNIDAD; MIES y MAGAP<\/span><\/p>\n<p><a href=\"http:\/\/atahualpahabaspamba.gob.ec\/pichincha\/wp-content\/uploads\/2015\/09\/WP_20150923_001.jpg\"><img loading=\"lazy\" decoding=\"async\" class=\"alignnone size-medium wp-image-640\" src=\"http:\/\/atahualpahabaspamba.gob.ec\/pichincha\/wp-content\/uploads\/2015\/09\/WP_20150923_001-300x168.jpg\" alt=\"WP_20150923_001\" width=\"300\" height=\"168\" data-id=\"640\" srcset=\"https:\/\/gadtmrl.gob.ec\/wp-content\/uploads\/2015\/09\/WP_20150923_001-300x168.jpg 300w, https:\/\/gadtmrl.gob.ec\/wp-content\/uploads\/2015\/09\/WP_20150923_001.jpg 700w\" sizes=\"auto, (max-width: 300px) 100vw, 300px\" \/><\/a><a href=\"http:\/\/atahualpahabaspamba.gob.ec\/pichincha\/wp-content\/uploads\/2015\/09\/WP_20150923_002.jpg\"><img loading=\"lazy\" decoding=\"async\" class=\"alignnone size-medium wp-image-641\" src=\"http:\/\/atahualpahabaspamba.gob.ec\/pichincha\/wp-content\/uploads\/2015\/09\/WP_20150923_002-300x168.jpg\" alt=\"WP_20150923_002\" width=\"300\" height=\"168\" data-id=\"641\" srcset=\"https:\/\/gadtmrl.gob.ec\/wp-content\/uploads\/2015\/09\/WP_20150923_002-300x168.jpg 300w, https:\/\/gadtmrl.gob.ec\/wp-content\/uploads\/2015\/09\/WP_20150923_002.jpg 700w\" sizes=\"auto, (max-width: 300px) 100vw, 300px\" \/><\/a><a href=\"http:\/\/atahualpahabaspamba.gob.ec\/pichincha\/wp-content\/uploads\/2015\/09\/WP_20150923_003.jpg\"><img loading=\"lazy\" decoding=\"async\" class=\"alignnone size-medium wp-image-642\" src=\"http:\/\/atahualpahabaspamba.gob.ec\/pichincha\/wp-content\/uploads\/2015\/09\/WP_20150923_003-300x168.jpg\" alt=\"WP_20150923_003\" width=\"300\" height=\"168\" data-id=\"642\" srcset=\"https:\/\/gadtmrl.gob.ec\/wp-content\/uploads\/2015\/09\/WP_20150923_003-300x168.jpg 300w, https:\/\/gadtmrl.gob.ec\/wp-content\/uploads\/2015\/09\/WP_20150923_003.jpg 700w\" sizes=\"auto, (max-width: 300px) 100vw, 300px\" \/><\/a><\/p>\n","protected":false},"excerpt":{"rendered":"<p>Se llev\u00f3 a cabo la reuni\u00f3n el d\u00eda 23 de septiembre donde se trat\u00f3 sobre convenios para el a\u00f1o 2016 [&hellip;]<\/p>\n","protected":false},"author":6,"featured_media":0,"parent":0,"menu_order":0,"comment_status":"closed","ping_status":"closed","template":"","meta":{"site-sidebar-layout":"default","site-content-layout":"","ast-site-content-layout":"default","site-content-style":"default","site-sidebar-style":"default","ast-global-header-display":"","ast-banner-title-visibility":"","ast-main-header-display":"","ast-hfb-above-header-display":"","ast-hfb-below-header-display":"","ast-hfb-mobile-header-display":"","site-post-title":"","ast-breadcrumbs-content":"","ast-featured-img":"","footer-sml-layout":"","ast-disable-related-posts":"","theme-transparent-header-meta":"","adv-header-id-meta":"","stick-header-meta":"","header-above-stick-meta":"","header-main-stick-meta":"","header-below-stick-meta":"","astra-migrate-meta-layouts":"default","ast-page-background-enabled":"default","ast-page-background-meta":{"desktop":{"background-color":"var(--ast-global-color-5)","background-image":"","background-repeat":"repeat","background-position":"center center","background-size":"auto","background-attachment":"scroll","background-type":"","background-media":"","overlay-type":"","overlay-color":"","overlay-opacity":"","overlay-gradient":""},"tablet":{"background-color":"","background-image":"","background-repeat":"repeat","background-position":"center center","background-size":"auto","background-attachment":"scroll","background-type":"","background-media":"","overlay-type":"","overlay-color":"","overlay-opacity":"","overlay-gradient":""},"mobile":{"background-color":"","background-image":"","background-repeat":"repeat","background-position":"center center","background-size":"auto","background-attachment":"scroll","background-type":"","background-media":"","overlay-type":"","overlay-color":"","overlay-opacity":"","overlay-gradient":""}},"ast-content-background-meta":{"desktop":{"background-color":"var(--ast-global-color-4)","background-image":"","background-repeat":"repeat","background-position":"center center","background-size":"auto","background-attachment":"scroll","background-type":"","background-media":"","overlay-type":"","overlay-color":"","overlay-opacity":"","overlay-gradient":""},"tablet":{"background-color":"var(--ast-global-color-4)","background-image":"","background-repeat":"repeat","background-position":"center center","background-size":"auto","background-attachment":"scroll","background-type":"","background-media":"","overlay-type":"","overlay-color":"","overlay-opacity":"","overlay-gradient":""},"mobile":{"background-color":"var(--ast-global-color-4)","background-image":"","background-repeat":"repeat","background-position":"center center","background-size":"auto","background-attachment":"scroll","background-type":"","background-media":"","overlay-type":"","overlay-color":"","overlay-opacity":"","overlay-gradient":""}},"jetpack_post_was_ever_published":false,"_joinchat":[],"footnotes":""},"class_list":["post-639","page","type-page","status-publish","hentry"],"yoast_head":"<!-- This site is optimized with the Yoast SEO plugin v26.5 - https:\/\/yoast.com\/wordpress\/plugins\/seo\/ -->\n<title>REUNI\u00d3N - GAD Parroquial Tnte. Maximiliano Rodriguez<\/title>\n<meta name=\"description\" content=\"GAD Parroquial Tnte. Maximiliano Rodriguez\" \/>\n<meta name=\"robots\" content=\"index, follow, max-snippet:-1, max-image-preview:large, max-video-preview:-1\" \/>\n<link rel=\"canonical\" href=\"https:\/\/gadtmrl.gob.ec\/?page_id=639\" \/>\n<meta property=\"og:locale\" content=\"es_ES\" \/>\n<meta property=\"og:type\" content=\"article\" \/>\n<meta property=\"og:title\" content=\"REUNI\u00d3N - GAD Parroquial Tnte. Maximiliano Rodriguez\" \/>\n<meta property=\"og:description\" content=\"GAD Parroquial Tnte. Maximiliano Rodriguez\" \/>\n<meta property=\"og:url\" content=\"https:\/\/gadtmrl.gob.ec\/?page_id=639\" \/>\n<meta property=\"og:site_name\" content=\"GAD Parroquial Tnte. Maximiliano Rodriguez\" \/>\n<meta property=\"article:modified_time\" content=\"2015-09-23T20:21:47+00:00\" \/>\n<meta property=\"og:image\" content=\"http:\/\/atahualpahabaspamba.gob.ec\/pichincha\/wp-content\/uploads\/2015\/09\/WP_20150923_001-300x168.jpg\" \/>\n<meta name=\"twitter:card\" content=\"summary_large_image\" \/>\n<script type=\"application\/ld+json\" class=\"yoast-schema-graph\">{\"@context\":\"https:\/\/schema.org\",\"@graph\":[{\"@type\":\"WebPage\",\"@id\":\"https:\/\/gadtmrl.gob.ec\/?page_id=639\",\"url\":\"https:\/\/gadtmrl.gob.ec\/?page_id=639\",\"name\":\"REUNI\u00d3N - GAD Parroquial Tnte. Maximiliano Rodriguez\",\"isPartOf\":{\"@id\":\"https:\/\/gadtmrl.gob.ec\/#website\"},\"primaryImageOfPage\":{\"@id\":\"https:\/\/gadtmrl.gob.ec\/?page_id=639#primaryimage\"},\"image\":{\"@id\":\"https:\/\/gadtmrl.gob.ec\/?page_id=639#primaryimage\"},\"thumbnailUrl\":\"http:\/\/atahualpahabaspamba.gob.ec\/pichincha\/wp-content\/uploads\/2015\/09\/WP_20150923_001-300x168.jpg\",\"datePublished\":\"2015-09-23T20:20:15+00:00\",\"dateModified\":\"2015-09-23T20:21:47+00:00\",\"description\":\"GAD Parroquial Tnte. Maximiliano Rodriguez\",\"breadcrumb\":{\"@id\":\"https:\/\/gadtmrl.gob.ec\/?page_id=639#breadcrumb\"},\"inLanguage\":\"es\",\"potentialAction\":[{\"@type\":\"ReadAction\",\"target\":[\"https:\/\/gadtmrl.gob.ec\/?page_id=639\"]}]},{\"@type\":\"ImageObject\",\"inLanguage\":\"es\",\"@id\":\"https:\/\/gadtmrl.gob.ec\/?page_id=639#primaryimage\",\"url\":\"http:\/\/atahualpahabaspamba.gob.ec\/pichincha\/wp-content\/uploads\/2015\/09\/WP_20150923_001-300x168.jpg\",\"contentUrl\":\"http:\/\/atahualpahabaspamba.gob.ec\/pichincha\/wp-content\/uploads\/2015\/09\/WP_20150923_001-300x168.jpg\"},{\"@type\":\"BreadcrumbList\",\"@id\":\"https:\/\/gadtmrl.gob.ec\/?page_id=639#breadcrumb\",\"itemListElement\":[{\"@type\":\"ListItem\",\"position\":1,\"name\":\"Home\",\"item\":\"https:\/\/gadtmrl.gob.ec\/\"},{\"@type\":\"ListItem\",\"position\":2,\"name\":\"REUNI\u00d3N\"}]},{\"@type\":\"WebSite\",\"@id\":\"https:\/\/gadtmrl.gob.ec\/#website\",\"url\":\"https:\/\/gadtmrl.gob.ec\/\",\"name\":\"GAD Parroquial Tnte. Maximiliano Rodriguez\",\"description\":\"Sitio web oficial del GAD Parroquial Tnte. Maximiliano Rodriguez.\",\"publisher\":{\"@id\":\"https:\/\/gadtmrl.gob.ec\/#organization\"},\"potentialAction\":[{\"@type\":\"SearchAction\",\"target\":{\"@type\":\"EntryPoint\",\"urlTemplate\":\"https:\/\/gadtmrl.gob.ec\/?s={search_term_string}\"},\"query-input\":{\"@type\":\"PropertyValueSpecification\",\"valueRequired\":true,\"valueName\":\"search_term_string\"}}],\"inLanguage\":\"es\"},{\"@type\":\"Organization\",\"@id\":\"https:\/\/gadtmrl.gob.ec\/#organization\",\"name\":\"GAD Parroquial Tnte. Maximiliano Rodriguez\",\"alternateName\":\"GAD Parroquial Tnte. Maximiliano Rodriguez\",\"url\":\"https:\/\/gadtmrl.gob.ec\/\",\"logo\":{\"@type\":\"ImageObject\",\"inLanguage\":\"es\",\"@id\":\"https:\/\/gadtmrl.gob.ec\/#\/schema\/logo\/image\/\",\"url\":\"https:\/\/gadtmrl.gob.ec\/wp-content\/uploads\/2020\/02\/logoFooter.png\",\"contentUrl\":\"https:\/\/gadtmrl.gob.ec\/wp-content\/uploads\/2020\/02\/logoFooter.png\",\"width\":279,\"height\":180,\"caption\":\"GAD Parroquial Tnte. Maximiliano Rodriguez\"},\"image\":{\"@id\":\"https:\/\/gadtmrl.gob.ec\/#\/schema\/logo\/image\/\"}}]}<\/script>\n<!-- \/ Yoast SEO plugin. -->","yoast_head_json":{"title":"REUNI\u00d3N - GAD Parroquial Tnte. Maximiliano Rodriguez","description":"GAD Parroquial Tnte. Maximiliano Rodriguez","robots":{"index":"index","follow":"follow","max-snippet":"max-snippet:-1","max-image-preview":"max-image-preview:large","max-video-preview":"max-video-preview:-1"},"canonical":"https:\/\/gadtmrl.gob.ec\/?page_id=639","og_locale":"es_ES","og_type":"article","og_title":"REUNI\u00d3N - GAD Parroquial Tnte. Maximiliano Rodriguez","og_description":"GAD Parroquial Tnte. Maximiliano Rodriguez","og_url":"https:\/\/gadtmrl.gob.ec\/?page_id=639","og_site_name":"GAD Parroquial Tnte. Maximiliano Rodriguez","article_modified_time":"2015-09-23T20:21:47+00:00","og_image":[{"url":"http:\/\/atahualpahabaspamba.gob.ec\/pichincha\/wp-content\/uploads\/2015\/09\/WP_20150923_001-300x168.jpg","type":"","width":"","height":""}],"twitter_card":"summary_large_image","schema":{"@context":"https:\/\/schema.org","@graph":[{"@type":"WebPage","@id":"https:\/\/gadtmrl.gob.ec\/?page_id=639","url":"https:\/\/gadtmrl.gob.ec\/?page_id=639","name":"REUNI\u00d3N - GAD Parroquial Tnte. Maximiliano Rodriguez","isPartOf":{"@id":"https:\/\/gadtmrl.gob.ec\/#website"},"primaryImageOfPage":{"@id":"https:\/\/gadtmrl.gob.ec\/?page_id=639#primaryimage"},"image":{"@id":"https:\/\/gadtmrl.gob.ec\/?page_id=639#primaryimage"},"thumbnailUrl":"http:\/\/atahualpahabaspamba.gob.ec\/pichincha\/wp-content\/uploads\/2015\/09\/WP_20150923_001-300x168.jpg","datePublished":"2015-09-23T20:20:15+00:00","dateModified":"2015-09-23T20:21:47+00:00","description":"GAD Parroquial Tnte. Maximiliano Rodriguez","breadcrumb":{"@id":"https:\/\/gadtmrl.gob.ec\/?page_id=639#breadcrumb"},"inLanguage":"es","potentialAction":[{"@type":"ReadAction","target":["https:\/\/gadtmrl.gob.ec\/?page_id=639"]}]},{"@type":"ImageObject","inLanguage":"es","@id":"https:\/\/gadtmrl.gob.ec\/?page_id=639#primaryimage","url":"http:\/\/atahualpahabaspamba.gob.ec\/pichincha\/wp-content\/uploads\/2015\/09\/WP_20150923_001-300x168.jpg","contentUrl":"http:\/\/atahualpahabaspamba.gob.ec\/pichincha\/wp-content\/uploads\/2015\/09\/WP_20150923_001-300x168.jpg"},{"@type":"BreadcrumbList","@id":"https:\/\/gadtmrl.gob.ec\/?page_id=639#breadcrumb","itemListElement":[{"@type":"ListItem","position":1,"name":"Home","item":"https:\/\/gadtmrl.gob.ec\/"},{"@type":"ListItem","position":2,"name":"REUNI\u00d3N"}]},{"@type":"WebSite","@id":"https:\/\/gadtmrl.gob.ec\/#website","url":"https:\/\/gadtmrl.gob.ec\/","name":"GAD Parroquial Tnte. Maximiliano Rodriguez","description":"Sitio web oficial del GAD Parroquial Tnte. Maximiliano Rodriguez.","publisher":{"@id":"https:\/\/gadtmrl.gob.ec\/#organization"},"potentialAction":[{"@type":"SearchAction","target":{"@type":"EntryPoint","urlTemplate":"https:\/\/gadtmrl.gob.ec\/?s={search_term_string}"},"query-input":{"@type":"PropertyValueSpecification","valueRequired":true,"valueName":"search_term_string"}}],"inLanguage":"es"},{"@type":"Organization","@id":"https:\/\/gadtmrl.gob.ec\/#organization","name":"GAD Parroquial Tnte. Maximiliano Rodriguez","alternateName":"GAD Parroquial Tnte. Maximiliano Rodriguez","url":"https:\/\/gadtmrl.gob.ec\/","logo":{"@type":"ImageObject","inLanguage":"es","@id":"https:\/\/gadtmrl.gob.ec\/#\/schema\/logo\/image\/","url":"https:\/\/gadtmrl.gob.ec\/wp-content\/uploads\/2020\/02\/logoFooter.png","contentUrl":"https:\/\/gadtmrl.gob.ec\/wp-content\/uploads\/2020\/02\/logoFooter.png","width":279,"height":180,"caption":"GAD Parroquial Tnte. Maximiliano Rodriguez"},"image":{"@id":"https:\/\/gadtmrl.gob.ec\/#\/schema\/logo\/image\/"}}]}},"jetpack_shortlink":"https:\/\/wp.me\/Pcm8cc-aj","jetpack_sharing_enabled":true,"jetpack_likes_enabled":true,"_links":{"self":[{"href":"https:\/\/gadtmrl.gob.ec\/index.php?rest_route=\/wp\/v2\/pages\/639","targetHints":{"allow":["GET"]}}],"collection":[{"href":"https:\/\/gadtmrl.gob.ec\/index.php?rest_route=\/wp\/v2\/pages"}],"about":[{"href":"https:\/\/gadtmrl.gob.ec\/index.php?rest_route=\/wp\/v2\/types\/page"}],"author":[{"embeddable":true,"href":"https:\/\/gadtmrl.gob.ec\/index.php?rest_route=\/wp\/v2\/users\/6"}],"replies":[{"embeddable":true,"href":"https:\/\/gadtmrl.gob.ec\/index.php?rest_route=%2Fwp%2Fv2%2Fcomments&post=639"}],"version-history":[{"count":2,"href":"https:\/\/gadtmrl.gob.ec\/index.php?rest_route=\/wp\/v2\/pages\/639\/revisions"}],"predecessor-version":[{"id":644,"href":"https:\/\/gadtmrl.gob.ec\/index.php?rest_route=\/wp\/v2\/pages\/639\/revisions\/644"}],"wp:attachment":[{"href":"https:\/\/gadtmrl.gob.ec\/index.php?rest_route=%2Fwp%2Fv2%2Fmedia&parent=639"}],"curies":[{"name":"wp","href":"https:\/\/api.w.org\/{rel}","templated":true}]}}